{"id":7,"date":"2019-07-02T18:24:35","date_gmt":"2019-07-02T17:24:35","guid":{"rendered":"http:\/\/hlfolia.com\/wordpress\/?page_id=7"},"modified":"2023-12-27T20:35:52","modified_gmt":"2023-12-27T19:35:52","slug":"kezdolap","status":"publish","type":"page","link":"https:\/\/hlfolia.com\/en\/","title":{"rendered":"H&#038;L Skin Protection PLUS Window Films Window Tinting UV+IR Protection"},"content":{"rendered":"<p><img loading=\"lazy\" decoding=\"async\" class=\"alignnone wp-image-620 size-full\" src=\"https:\/\/hlfolia.com\/wp-content\/uploads\/2019\/12\/HL-B\u0151rv\u00e9d\u0151-aut\u00f3\u00fcvegf\u00f3li\u00e1k1.jpg\" alt=\"\" width=\"1052\" height=\"560\" srcset=\"https:\/\/hlfolia.com\/wp-content\/uploads\/2019\/12\/HL-B\u0151rv\u00e9d\u0151-aut\u00f3\u00fcvegf\u00f3li\u00e1k1.jpg 1052w, https:\/\/hlfolia.com\/wp-content\/uploads\/2019\/12\/HL-B\u0151rv\u00e9d\u0151-aut\u00f3\u00fcvegf\u00f3li\u00e1k1-300x160.jpg 300w, https:\/\/hlfolia.com\/wp-content\/uploads\/2019\/12\/HL-B\u0151rv\u00e9d\u0151-aut\u00f3\u00fcvegf\u00f3li\u00e1k1-768x409.jpg 768w, https:\/\/hlfolia.com\/wp-content\/uploads\/2019\/12\/HL-B\u0151rv\u00e9d\u0151-aut\u00f3\u00fcvegf\u00f3li\u00e1k1-1024x545.jpg 1024w\" sizes=\"auto, (max-width: 767px) 89vw, (max-width: 1000px) 54vw, (max-width: 1071px) 543px, 580px\" \/><img loading=\"lazy\" decoding=\"async\" class=\"alignnone wp-image-461 size-full\" src=\"http:\/\/hlfolia.com\/wp-content\/uploads\/2017\/02\/hlmolino-644px-en.png\" alt=\"\" width=\"644\" height=\"284\" srcset=\"https:\/\/hlfolia.com\/wp-content\/uploads\/2017\/02\/hlmolino-644px-en.png 644w, https:\/\/hlfolia.com\/wp-content\/uploads\/2017\/02\/hlmolino-644px-en-300x132.png 300w\" sizes=\"auto, (max-width: 644px) 100vw, 644px\" \/><\/p>\n<p><img loading=\"lazy\" decoding=\"async\" class=\"alignnone wp-image-619 size-full\" src=\"https:\/\/hlfolia.com\/wp-content\/uploads\/2019\/12\/HL-Skin-Protection-window-films-uvir.jpg\" alt=\"\" width=\"751\" height=\"427\" srcset=\"https:\/\/hlfolia.com\/wp-content\/uploads\/2019\/12\/HL-Skin-Protection-window-films-uvir.jpg 751w, https:\/\/hlfolia.com\/wp-content\/uploads\/2019\/12\/HL-Skin-Protection-window-films-uvir-300x171.jpg 300w\" sizes=\"auto, (max-width: 706px) 89vw, (max-width: 767px) 82vw, 740px\" \/><\/p>\n<p><strong>MADE IN USA.\u00a0 \u00a0<\/strong><em>Superior Optical Clarity.<\/em><\/p>\n<h1><span style=\"color: #ff00ff;\">Why Risk your Health? We have the Solution!<\/span><\/h1>\n<p>Whether you&#8217;re driving, at home gazing out at your garden, or sitting by a window at work, you actually may be suffering continual skin damage. While everyday windows block most of the sun&#8217;s ultraviolet B (UVB) rays, they allow much of its ultraviolet A (UVA) rays to pass right through. UVA penetrates deep into the skin, causing DNA damage that can accelerate skin aging and lead to skin cancer. If you frequently sit by windows, the single best safeguard against UV damage is transparent window film, sometimes referred to as window tint, which has been specially treated to screen out both UVA and UVB rays. Installing protective film on your windows will keep you virtually UV-free on the road, at home, or at the office.<\/p>\n<p><img loading=\"lazy\" decoding=\"async\" class=\"alignnone wp-image-452 size-full\" src=\"http:\/\/hlfolia.com\/wp-content\/uploads\/2017\/02\/hl-hovedo-ablak-folia-2.jpg\" alt=\"\" width=\"800\" height=\"600\" srcset=\"https:\/\/hlfolia.com\/wp-content\/uploads\/2017\/02\/hl-hovedo-ablak-folia-2.jpg 800w, https:\/\/hlfolia.com\/wp-content\/uploads\/2017\/02\/hl-hovedo-ablak-folia-2-300x225.jpg 300w, https:\/\/hlfolia.com\/wp-content\/uploads\/2017\/02\/hl-hovedo-ablak-folia-2-768x576.jpg 768w\" sizes=\"auto, (max-width: 767px) 89vw, (max-width: 1000px) 54vw, (max-width: 1071px) 543px, 580px\" \/><\/p>\n<p>CURING CAR TROUBLE In cars, only the laminated windshield comes with both UVB and UVA protection. The side and back windows allow in more than 60 percent of UVA rays. Research has shown that UV damage is more extensive on the side of the body closer to the window; long-time drivers also have rougher, slacker, more wrinkled skin on their window side. Babies and young children \u2014 who have little protective skin pigment \u2014 often sit in back, where none of the glass (even darker glass found in SUVs and mini-vans) offers adequate UVA protection. Fortunately, UVA-filtering window film can go a long way to prevent skin damage. Combining UVA absorbers in varying strengths, the transparent films are available from clear to dark tints for vehicles&#8217; side and back windows in all 50 states; it screens out more than 99 percent of UVA and UVB without reducing visibility.<\/p>\n<p><img loading=\"lazy\" decoding=\"async\" class=\"alignnone wp-image-453 size-full\" src=\"http:\/\/hlfolia.com\/wp-content\/uploads\/2017\/02\/hl-kulteri-hovedo-ablakfoliazas-10.jpg\" alt=\"\" width=\"800\" height=\"600\" srcset=\"https:\/\/hlfolia.com\/wp-content\/uploads\/2017\/02\/hl-kulteri-hovedo-ablakfoliazas-10.jpg 800w, https:\/\/hlfolia.com\/wp-content\/uploads\/2017\/02\/hl-kulteri-hovedo-ablakfoliazas-10-300x225.jpg 300w, https:\/\/hlfolia.com\/wp-content\/uploads\/2017\/02\/hl-kulteri-hovedo-ablakfoliazas-10-768x576.jpg 768w\" sizes=\"auto, (max-width: 767px) 89vw, (max-width: 1000px) 54vw, (max-width: 1071px) 543px, 580px\" \/><\/p>\n<h2><span style=\"color: #ff00ff;\">H&amp;L HEALTH&amp;LIFE Window Films: The Best Sun Shield for Car, Home and Office<\/span><\/h2>\n<p>SUN PROTECTION INDOORS Indoor workers stationed near windows have significantly more wrinkled, rough-textured, and sagging skin on the side of the face closer to the window. Today, however, UV-screening Solar Control \u00a0residential and commercial film is available for home and office. UV- Solar absorbers are added to clear or tinted polyester or vinyl to create the film, which comes in varied tints, allowing 20-35-80 percent of visible light to get through. The installers apply it on the Exterior and interior glass surface of the windows from flat sheets. Window film will help prevent sunburn and skin cancer, as well as the brief daily UV exposures that accelerate skin aging over time. Chronic exposure to UVA rays through windows may accelerate skin aging by 5 to 7 years. More than 90 percent of skin cancers and the visible signs of skin aging, are caused by the sun.<\/p>\n<p><img loading=\"lazy\" decoding=\"async\" class=\"alignnone size-medium wp-image-586\" src=\"https:\/\/hlfolia.com\/wp-content\/uploads\/2019\/11\/UV-sug\u00e1r-vesz\u00e9lyeztett-grafikon-289x300.jpg\" alt=\"\" width=\"289\" height=\"300\" srcset=\"https:\/\/hlfolia.com\/wp-content\/uploads\/2019\/11\/UV-sug\u00e1r-vesz\u00e9lyeztett-grafikon-289x300.jpg 289w, https:\/\/hlfolia.com\/wp-content\/uploads\/2019\/11\/UV-sug\u00e1r-vesz\u00e9lyeztett-grafikon.jpg 384w\" sizes=\"auto, (max-width: 289px) 100vw, 289px\" \/><\/p>\n<h2>ADVANTAGES OF H&amp;L SOLAR CONTROL WINDOW FILMS<\/h2>\n<ul>\n<li>\u00a0In hot weather, it cuts down heat within the vehicle or home, reducing air conditioning expenses.<\/li>\n<li>\u00a0In cold weather, some films reflect interior heat back into the house, reducing heating costs.<\/li>\n<li>It helps keep sunshine from fading car upholstery and home furnishings<\/li>\n<\/ul>\n<h2>Best Solar performance in its class, including heat and UV rejection, as well as glare reduction.<\/h2>\n<p><img loading=\"lazy\" decoding=\"async\" class=\"alignnone size-full wp-image-454\" src=\"http:\/\/hlfolia.com\/wp-content\/uploads\/2017\/02\/hl-autofolia-4.jpg\" alt=\"\" width=\"800\" height=\"450\" srcset=\"https:\/\/hlfolia.com\/wp-content\/uploads\/2017\/02\/hl-autofolia-4.jpg 800w, https:\/\/hlfolia.com\/wp-content\/uploads\/2017\/02\/hl-autofolia-4-300x169.jpg 300w, https:\/\/hlfolia.com\/wp-content\/uploads\/2017\/02\/hl-autofolia-4-768x432.jpg 768w\" sizes=\"auto, (max-width: 767px) 89vw, (max-width: 1000px) 54vw, (max-width: 1071px) 543px, 580px\" \/><\/p>\n<p><img loading=\"lazy\" decoding=\"async\" class=\"alignnone size-full wp-image-455\" src=\"http:\/\/hlfolia.com\/wp-content\/uploads\/2017\/02\/hl-autofolia-5.jpg\" alt=\"\" width=\"800\" height=\"450\" srcset=\"https:\/\/hlfolia.com\/wp-content\/uploads\/2017\/02\/hl-autofolia-5.jpg 800w, https:\/\/hlfolia.com\/wp-content\/uploads\/2017\/02\/hl-autofolia-5-300x169.jpg 300w, https:\/\/hlfolia.com\/wp-content\/uploads\/2017\/02\/hl-autofolia-5-768x432.jpg 768w\" sizes=\"auto, (max-width: 767px) 89vw, (max-width: 1000px) 54vw, (max-width: 1071px) 543px, 580px\" \/><img loading=\"lazy\" decoding=\"async\" class=\"alignnone size-full wp-image-457\" src=\"http:\/\/hlfolia.com\/wp-content\/uploads\/2017\/02\/hl-autofolia-7.jpg\" alt=\"\" width=\"800\" height=\"600\" srcset=\"https:\/\/hlfolia.com\/wp-content\/uploads\/2017\/02\/hl-autofolia-7.jpg 800w, https:\/\/hlfolia.com\/wp-content\/uploads\/2017\/02\/hl-autofolia-7-300x225.jpg 300w, https:\/\/hlfolia.com\/wp-content\/uploads\/2017\/02\/hl-autofolia-7-768x576.jpg 768w\" sizes=\"auto, (max-width: 767px) 89vw, (max-width: 1000px) 54vw, (max-width: 1071px) 543px, 580px\" \/><\/p>","protected":false},"excerpt":{"rendered":"<p>MADE IN USA.\u00a0 \u00a0Superior Optical Clarity. Why Risk your Health? We have the Solution! Whether you&#8217;re driving, at home gazing out at your garden, or sitting by a window at work, you actually may be suffering continual skin damage. While everyday windows block most of the sun&#8217;s ultraviolet B (UVB) rays, they allow much of &hellip; <\/p>\n<p class=\"link-more\"><a href=\"https:\/\/hlfolia.com\/en\/\" class=\"more-link\">Continue reading<span class=\"screen-reader-text\"> &#8220;H&#038;L Skin Protection PLUS Window Films Window Tinting UV+IR Protection&#8221;<\/span><\/a><\/p>\n","protected":false},"author":1,"featured_media":0,"parent":0,"menu_order":0,"comment_status":"closed","ping_status":"closed","template":"","meta":{"footnotes":""},"class_list":["post-7","page","type-page","status-publish","hentry"],"aioseo_notices":[],"_links":{"self":[{"href":"https:\/\/hlfolia.com\/en\/wp-json\/wp\/v2\/pages\/7","targetHints":{"allow":["GET"]}}],"collection":[{"href":"https:\/\/hlfolia.com\/en\/wp-json\/wp\/v2\/pages"}],"about":[{"href":"https:\/\/hlfolia.com\/en\/wp-json\/wp\/v2\/types\/page"}],"author":[{"embeddable":true,"href":"https:\/\/hlfolia.com\/en\/wp-json\/wp\/v2\/users\/1"}],"replies":[{"embeddable":true,"href":"https:\/\/hlfolia.com\/en\/wp-json\/wp\/v2\/comments?post=7"}],"version-history":[{"count":134,"href":"https:\/\/hlfolia.com\/en\/wp-json\/wp\/v2\/pages\/7\/revisions"}],"predecessor-version":[{"id":785,"href":"https:\/\/hlfolia.com\/en\/wp-json\/wp\/v2\/pages\/7\/revisions\/785"}],"wp:attachment":[{"href":"https:\/\/hlfolia.com\/en\/wp-json\/wp\/v2\/media?parent=7"}],"curies":[{"name":"wp","href":"https:\/\/api.w.org\/{rel}","templated":true}]}}