{"id":266,"date":"2017-05-02T11:28:42","date_gmt":"2017-05-02T11:28:42","guid":{"rendered":"http:\/\/hlfolia.com\/?page_id=266"},"modified":"2020-02-06T07:07:17","modified_gmt":"2020-02-06T06:07:17","slug":"telepitok-2","status":"publish","type":"page","link":"https:\/\/hlfolia.com\/en\/telepitok-2\/","title":{"rendered":"Professional Window Tint Installers"},"content":{"rendered":"<p><img loading=\"lazy\" decoding=\"async\" class=\"alignnone size-full wp-image-461\" src=\"http:\/\/hlfolia.com\/wp-content\/uploads\/2017\/02\/hlmolino-644px-en.png\" alt=\"\" width=\"644\" height=\"284\" srcset=\"https:\/\/hlfolia.com\/wp-content\/uploads\/2017\/02\/hlmolino-644px-en.png 644w, https:\/\/hlfolia.com\/wp-content\/uploads\/2017\/02\/hlmolino-644px-en-300x132.png 300w\" sizes=\"auto, (max-width: 644px) 100vw, 644px\" \/><\/p>\n<h1><strong><span style=\"color: #ff00ff;\">H&amp;L Kft.<\/span><\/strong><\/h1>\n<p><span id=\"result_box\" class=\"short_text\" lang=\"en\"><span class=\"\">\u00a0Solar Control Window Tinting\u00a0 , Car window foiling, Glass foil, Building glass foiling<\/span><\/span><br \/>\nMobil\u00a0 Auto\u00a0 Resential Window Tinting<br \/>\nMobile: 0620 925 6844<\/p>\n<p>We are on duty in Pest County, Heves County. (Asz\u00f3d , G\u00f6d\u00f6ll\u0151 , Hatvan ,\u00a0 Gy\u00f6ngy\u00f6s Veresegyh\u00e1z Szada Kistarcsa\u00a0 \u00a0Budapest )<\/p>\n<h1><span style=\"color: #ff00ff;\"><strong>Krisztoferr 2003. Kkt.<\/strong><\/span><\/h1>\n<p>Car window foiling, Glass foil, Building glass foiling<br \/>\nWorkshop: Debrecen, Kassai \u00fat 27.<\/p>\n<h1><strong><span style=\"color: #ff00ff;\">Duo Dekor\u00e1ci\u00f3<\/span><\/strong><\/h1>\n<p>Car window foiling, Glass foil, Building glass foiling<br \/>\nWorkshop: Tapolca, Ipar street<\/p>","protected":false},"excerpt":{"rendered":"<p>H&amp;L Kft. \u00a0Solar Control Window Tinting\u00a0 , Car window foiling, Glass foil, Building glass foiling Mobil\u00a0 Auto\u00a0 Resential Window Tinting Mobile: 0620 925 6844 We are on duty in Pest County, Heves County. (Asz\u00f3d , G\u00f6d\u00f6ll\u0151 , Hatvan ,\u00a0 Gy\u00f6ngy\u00f6s Veresegyh\u00e1z Szada Kistarcsa\u00a0 \u00a0Budapest ) Krisztoferr 2003. Kkt. Car window foiling, Glass foil, Building glass &hellip; <\/p>\n<p class=\"link-more\"><a href=\"https:\/\/hlfolia.com\/en\/telepitok-2\/\" class=\"more-link\">Continue reading<span class=\"screen-reader-text\"> &#8220;Professional Window Tint Installers&#8221;<\/span><\/a><\/p>\n","protected":false},"author":1,"featured_media":0,"parent":0,"menu_order":0,"comment_status":"closed","ping_status":"closed","template":"","meta":{"footnotes":""},"class_list":["post-266","page","type-page","status-publish","hentry"],"aioseo_notices":[],"_links":{"self":[{"href":"https:\/\/hlfolia.com\/en\/wp-json\/wp\/v2\/pages\/266","targetHints":{"allow":["GET"]}}],"collection":[{"href":"https:\/\/hlfolia.com\/en\/wp-json\/wp\/v2\/pages"}],"about":[{"href":"https:\/\/hlfolia.com\/en\/wp-json\/wp\/v2\/types\/page"}],"author":[{"embeddable":true,"href":"https:\/\/hlfolia.com\/en\/wp-json\/wp\/v2\/users\/1"}],"replies":[{"embeddable":true,"href":"https:\/\/hlfolia.com\/en\/wp-json\/wp\/v2\/comments?post=266"}],"version-history":[{"count":22,"href":"https:\/\/hlfolia.com\/en\/wp-json\/wp\/v2\/pages\/266\/revisions"}],"predecessor-version":[{"id":666,"href":"https:\/\/hlfolia.com\/en\/wp-json\/wp\/v2\/pages\/266\/revisions\/666"}],"wp:attachment":[{"href":"https:\/\/hlfolia.com\/en\/wp-json\/wp\/v2\/media?parent=266"}],"curies":[{"name":"wp","href":"https:\/\/api.w.org\/{rel}","templated":true}]}}