{"id":9,"date":"2017-02-12T18:24:35","date_gmt":"2017-02-12T18:24:35","guid":{"rendered":"http:\/\/hlfolia.com\/wordpress\/?page_id=9"},"modified":"2020-03-05T21:26:36","modified_gmt":"2020-03-05T20:26:36","slug":"elerhetoseg","status":"publish","type":"page","link":"https:\/\/hlfolia.com\/de\/elerhetoseg\/","title":{"rendered":"Ein H\u00e1ndler werden"},"content":{"rendered":"<p><\/p>\n<h1><strong><span style=\"color: #ff00ff;\">Erfolgreich mit H&amp;L einem starken Partner an Ihrer Seite<\/span><\/strong><\/h1>\n<p>Jedes Jahr w\u00e4chst das H&amp;L \u00a0H\u00e4ndlernetz weiter. Unsere Kunden wissen, dass sie mit H&amp;L \u00a0einen starken Partner an Ihrer Seite haben, wenn es um Sonnenschutzfolien,Autofolien \u00a0geht.<\/p>\n<p>Wir bieten:<\/p>\n<ul>\n<li>Sonneschutzfolien der weltklasse qualitet, zu einem konkurrenzf\u00e4higen Preis und gesichert durch eine wettbewerbsf\u00e4hige Herstellergarantie.<\/li>\n<li>Neuste Produkte vom technisch fortschrittlichsten Werk der Branche.<\/li>\n<li>Kundenfreundlicher service und Lieferung.<\/li>\n<li>Effektiver Werbe- und Marketingmittel, die speziell f\u00fcr die Bed\u00fcrfnisse der H\u00e4ndler konzipiert sind.<\/li>\n<\/ul>\n<p><strong>Werden Sie Teil der H&amp;L Gemeinschaft!<\/strong><br \/>\nKontaktieren sie uns noch Heute:<\/p>\n<p>hlfolia@gmail.com<br \/>\nTel:+0036209256844<\/p>\n<p>\n<div class=\"wpcf7 no-js\" id=\"wpcf7-f395-o3\" lang=\"hu-HU\" dir=\"ltr\" data-wpcf7-id=\"395\">\n<div class=\"screen-reader-response\"><p role=\"status\" aria-live=\"polite\" aria-atomic=\"true\"><\/p> <ul><\/ul><\/div>\n<form action=\"\/de\/wp-json\/wp\/v2\/pages\/9#wpcf7-f395-o3\" method=\"post\" class=\"wpcf7-form init\" aria-label=\"Kapcsolatfelv\u00e9teli \u0171rlap\" novalidate=\"novalidate\" data-status=\"init\">\n<fieldset class=\"hidden-fields-container\"><input type=\"hidden\" name=\"_wpcf7\" value=\"395\" \/><input type=\"hidden\" name=\"_wpcf7_version\" value=\"6.1.5\" \/><input type=\"hidden\" name=\"_wpcf7_locale\" value=\"hu_HU\" \/><input type=\"hidden\" name=\"_wpcf7_unit_tag\" value=\"wpcf7-f395-o3\" \/><input type=\"hidden\" name=\"_wpcf7_container_post\" value=\"0\" \/><input type=\"hidden\" name=\"_wpcf7_posted_data_hash\" value=\"\" \/><input type=\"hidden\" name=\"_wpcf7_recaptcha_response\" value=\"\" \/>\n<\/fieldset>\n<p><label> Name (musst)<br \/>\n<span class=\"wpcf7-form-control-wrap\" data-name=\"your-name\"><input size=\"40\" maxlength=\"400\" class=\"wpcf7-form-control wpcf7-text wpcf7-validates-as-required\" aria-required=\"true\" aria-invalid=\"false\" value=\"\" type=\"text\" name=\"your-name\" \/><\/span> <\/label>\n<\/p>\n<p><label> Email (musst)<br \/>\n<span class=\"wpcf7-form-control-wrap\" data-name=\"your-email\"><input size=\"40\" maxlength=\"400\" class=\"wpcf7-form-control wpcf7-email wpcf7-validates-as-required wpcf7-text wpcf7-validates-as-email\" aria-required=\"true\" aria-invalid=\"false\" value=\"\" type=\"email\" name=\"your-email\" \/><\/span> <\/label>\n<\/p>\n<p><label> Interesenbereich<br \/>\n<span class=\"wpcf7-form-control-wrap\" data-name=\"your-subject\"><input size=\"40\" maxlength=\"400\" class=\"wpcf7-form-control wpcf7-text\" aria-invalid=\"false\" value=\"\" type=\"text\" name=\"your-subject\" \/><\/span> <\/label>\n<\/p>\n<p><label> Naricht<br \/>\n<span class=\"wpcf7-form-control-wrap\" data-name=\"your-message\"><textarea cols=\"40\" rows=\"10\" maxlength=\"2000\" class=\"wpcf7-form-control wpcf7-textarea\" aria-invalid=\"false\" name=\"your-message\"><\/textarea><\/span> <\/label>\n<\/p>\n<p><input class=\"wpcf7-form-control wpcf7-submit has-spinner\" type=\"submit\" value=\"Senden\" \/>\n\n<\/p><p style=\"display: none !important;\" class=\"akismet-fields-container\" data-prefix=\"_wpcf7_ak_\"><label>&#916;<textarea name=\"_wpcf7_ak_hp_textarea\" cols=\"45\" rows=\"8\" maxlength=\"100\"><\/textarea><\/label><input type=\"hidden\" id=\"ak_js_3\" name=\"_wpcf7_ak_js\" value=\"17\"\/><script>document.getElementById( \"ak_js_3\" ).setAttribute( \"value\", ( new Date() ).getTime() );<\/script><\/p><div class=\"wpcf7-response-output\" aria-hidden=\"true\"><\/div>\n<\/form>\n<\/div>\n<\/p>","protected":false},"excerpt":{"rendered":"<p>Erfolgreich mit H&amp;L einem starken Partner an Ihrer Seite Jedes Jahr w\u00e4chst das H&amp;L \u00a0H\u00e4ndlernetz weiter. Unsere Kunden wissen, dass sie mit H&amp;L \u00a0einen starken Partner an Ihrer Seite haben, wenn es um Sonnenschutzfolien,Autofolien \u00a0geht. Wir bieten: Sonneschutzfolien der weltklasse qualitet, zu einem konkurrenzf\u00e4higen Preis und gesichert durch eine wettbewerbsf\u00e4hige Herstellergarantie. Neuste Produkte vom technisch &hellip; <\/p>\n<p class=\"link-more\"><a href=\"https:\/\/hlfolia.com\/de\/elerhetoseg\/\" class=\"more-link\"><span class=\"screen-reader-text\">\u201eEin H\u00e1ndler werden\u201c <\/span>weiterlesen<\/a><\/p>\n","protected":false},"author":1,"featured_media":0,"parent":0,"menu_order":0,"comment_status":"closed","ping_status":"closed","template":"","meta":{"footnotes":""},"class_list":["post-9","page","type-page","status-publish","hentry"],"aioseo_notices":[],"_links":{"self":[{"href":"https:\/\/hlfolia.com\/de\/wp-json\/wp\/v2\/pages\/9","targetHints":{"allow":["GET"]}}],"collection":[{"href":"https:\/\/hlfolia.com\/de\/wp-json\/wp\/v2\/pages"}],"about":[{"href":"https:\/\/hlfolia.com\/de\/wp-json\/wp\/v2\/types\/page"}],"author":[{"embeddable":true,"href":"https:\/\/hlfolia.com\/de\/wp-json\/wp\/v2\/users\/1"}],"replies":[{"embeddable":true,"href":"https:\/\/hlfolia.com\/de\/wp-json\/wp\/v2\/comments?post=9"}],"version-history":[{"count":12,"href":"https:\/\/hlfolia.com\/de\/wp-json\/wp\/v2\/pages\/9\/revisions"}],"predecessor-version":[{"id":706,"href":"https:\/\/hlfolia.com\/de\/wp-json\/wp\/v2\/pages\/9\/revisions\/706"}],"wp:attachment":[{"href":"https:\/\/hlfolia.com\/de\/wp-json\/wp\/v2\/media?parent=9"}],"curies":[{"name":"wp","href":"https:\/\/api.w.org\/{rel}","templated":true}]}}