{"id":81,"date":"2017-02-21T09:06:34","date_gmt":"2017-02-21T09:06:34","guid":{"rendered":"http:\/\/hlfolia.com\/wordpress\/?page_id=81"},"modified":"2017-07-14T13:53:38","modified_gmt":"2017-07-14T13:53:38","slug":"biztonsagi-foliak","status":"publish","type":"page","link":"https:\/\/hlfolia.com\/de\/biztonsagi-foliak\/","title":{"rendered":"Sicherheitfolien"},"content":{"rendered":"<p><\/p>\n<h2>Sicherheitfolien Splitterschutz Einbruchschutzfolie &#8211; Schutz, auf den Sie sich verlassen k\u00f6nnen<\/h2>\n<p>&nbsp;<\/p>\n<p><img loading=\"lazy\" decoding=\"async\" class=\"alignnone wp-image-145 size-full\" src=\"http:\/\/hlfolia.com\/wp-content\/uploads\/2017\/02\/biztonsagi-uvegfoliak-700x306.jpg\" alt=\"Biztons\u00e1gi ablakf\u00f3lia\" width=\"700\" height=\"306\" srcset=\"https:\/\/hlfolia.com\/wp-content\/uploads\/2017\/02\/biztonsagi-uvegfoliak-700x306.jpg 700w, https:\/\/hlfolia.com\/wp-content\/uploads\/2017\/02\/biztonsagi-uvegfoliak-700x306-300x131.jpg 300w\" sizes=\"auto, (max-width: 700px) 100vw, 700px\" \/><\/p>\n<blockquote><p>Glas kann eine gravierende Gefahr im Haushalt darstellen. Wenn Ihre Verglasung durch Unf\u00e4lle, Unwetter oder Einbruch zerst\u00f6rt wird, k\u00f6nnen umherfliegende Glassplitter Menschen teils schwer verletzten und die Einrichtung besch\u00e4digen. Mit H&amp;L Splitterschutzfolien k\u00f6nnen Sie dieses\u00a0Risiko erheblich senken und die Auswirkungen verhindern.<\/p><\/blockquote>\n<h2>Diskret, stark, zuverl\u00e4ssig<\/h2>\n<p>Die\u00a0besonders leistungsstarken, stabilen\u00a0H&amp;L Sicherheitfolien Splitterschutzfolien bilden eine zwar nicht sichtbare, jedoch messbare Barriere, die Glas im Falle von Krafteinfl\u00fcssen oder starken Ersch\u00fctterungen an seinem Platz h\u00e4lt. Diese Art Schildschild bewahrt Sie nicht nur vor Sch\u00e4den durch umherfliegende Glassplitter, sondern erschwert auch unerw\u00fcnschten Eindringlingen den Zutritt.<\/p>\n<p><img loading=\"lazy\" decoding=\"async\" class=\"alignright wp-image-148\" src=\"http:\/\/hlfolia.com\/wp-content\/uploads\/2017\/02\/biztonsagi-folia-baba1-600px.jpg\" alt=\"Biztons\u00e1gi ablakf\u00f3lia\" width=\"700\" height=\"219\" srcset=\"https:\/\/hlfolia.com\/wp-content\/uploads\/2017\/02\/biztonsagi-folia-baba1-600px.jpg 600w, https:\/\/hlfolia.com\/wp-content\/uploads\/2017\/02\/biztonsagi-folia-baba1-600px-300x94.jpg 300w\" sizes=\"auto, (max-width: 700px) 100vw, 700px\" \/><\/p>\n<p>H&amp;L\u00a0 Sicherheitfolien Splitterschutzfolien erf\u00fcllen die strengsten internationalen Industrienormen. Aufgrund der\u00a0hochtransparenten Optik, werden Sie nicht einmal bemerken, dass eine Barriere vorhanden ist, k\u00f6nnen bei Bedarf aber\u00a0jederzeit auf die sch\u00fctzenden Eigenschaften vertrauen!<\/p>\n<p><img loading=\"lazy\" decoding=\"async\" class=\"alignnone size-full wp-image-157\" src=\"http:\/\/hlfolia.com\/wp-content\/uploads\/2017\/02\/hl-window-films-logo-600px.jpg\" alt=\"H&amp;L ablakf\u00f3li\u00e1k\" width=\"600\" height=\"251\" srcset=\"https:\/\/hlfolia.com\/wp-content\/uploads\/2017\/02\/hl-window-films-logo-600px.jpg 600w, https:\/\/hlfolia.com\/wp-content\/uploads\/2017\/02\/hl-window-films-logo-600px-300x126.jpg 300w\" sizes=\"auto, (max-width: 600px) 100vw, 600px\" \/><\/p>\n<p>&nbsp;<\/p>","protected":false},"excerpt":{"rendered":"<p>Sicherheitfolien Splitterschutz Einbruchschutzfolie &#8211; Schutz, auf den Sie sich verlassen k\u00f6nnen &nbsp; Glas kann eine gravierende Gefahr im Haushalt darstellen. Wenn Ihre Verglasung durch Unf\u00e4lle, Unwetter oder Einbruch zerst\u00f6rt wird, k\u00f6nnen umherfliegende Glassplitter Menschen teils schwer verletzten und die Einrichtung besch\u00e4digen. Mit H&amp;L Splitterschutzfolien k\u00f6nnen Sie dieses\u00a0Risiko erheblich senken und die Auswirkungen verhindern. Diskret, stark, &hellip; <\/p>\n<p class=\"link-more\"><a href=\"https:\/\/hlfolia.com\/de\/biztonsagi-foliak\/\" class=\"more-link\"><span class=\"screen-reader-text\">\u201eSicherheitfolien\u201c <\/span>weiterlesen<\/a><\/p>\n","protected":false},"author":1,"featured_media":145,"parent":0,"menu_order":0,"comment_status":"closed","ping_status":"closed","template":"","meta":{"footnotes":""},"class_list":["post-81","page","type-page","status-publish","has-post-thumbnail","hentry"],"aioseo_notices":[],"_links":{"self":[{"href":"https:\/\/hlfolia.com\/de\/wp-json\/wp\/v2\/pages\/81","targetHints":{"allow":["GET"]}}],"collection":[{"href":"https:\/\/hlfolia.com\/de\/wp-json\/wp\/v2\/pages"}],"about":[{"href":"https:\/\/hlfolia.com\/de\/wp-json\/wp\/v2\/types\/page"}],"author":[{"embeddable":true,"href":"https:\/\/hlfolia.com\/de\/wp-json\/wp\/v2\/users\/1"}],"replies":[{"embeddable":true,"href":"https:\/\/hlfolia.com\/de\/wp-json\/wp\/v2\/comments?post=81"}],"version-history":[{"count":11,"href":"https:\/\/hlfolia.com\/de\/wp-json\/wp\/v2\/pages\/81\/revisions"}],"predecessor-version":[{"id":327,"href":"https:\/\/hlfolia.com\/de\/wp-json\/wp\/v2\/pages\/81\/revisions\/327"}],"wp:featuredmedia":[{"embeddable":true,"href":"https:\/\/hlfolia.com\/de\/wp-json\/wp\/v2\/media\/145"}],"wp:attachment":[{"href":"https:\/\/hlfolia.com\/de\/wp-json\/wp\/v2\/media?parent=81"}],"curies":[{"name":"wp","href":"https:\/\/api.w.org\/{rel}","templated":true}]}}