{"id":73,"date":"2017-02-21T09:04:44","date_gmt":"2017-02-21T09:04:44","guid":{"rendered":"http:\/\/hlfolia.com\/wordpress\/?page_id=73"},"modified":"2020-03-05T21:47:57","modified_gmt":"2020-03-05T20:47:57","slug":"rolunk","status":"publish","type":"page","link":"https:\/\/hlfolia.com\/de\/rolunk\/","title":{"rendered":"\u00dcber uns"},"content":{"rendered":"<p><\/p>\n<blockquote><p>Weltneuheit Baby Sonnenschutzfolien<\/p>\n<h2>Die neuste Technologie<\/h2>\n<p>Jahrelang operierte die Scheiben folien Industrie auf dem gleichen weg. Der Markt wurde beherscht von vielen Herstellern die nicht gute produkte producierten und underschiedlichen marken nahmen in der welt verkauften um wachsende Forderung zu erf\u00fcllen.<\/p>\n<p>Es gab bekannte Probleme in der Fensterfolien Industrie: schlechter schrumpfeigenschaften, Verf\u00e4rbung, der springt die Schale, Blasen bildungen, und Delaminazationen. Es gab Verbesserungen, die gemacht werden sollten, f\u00fcr sicher Scheiben Fenster Autoglas Folien<\/p>\n<p><img loading=\"lazy\" decoding=\"async\" class=\"alignnone size-full wp-image-155\" src=\"http:\/\/hlfolia.com\/wp-content\/uploads\/2017\/02\/HL-gyartosor2.jpg\" alt=\"f\u00f3lia gy\u00e1rt\u00f3sor\" width=\"600\" height=\"319\" srcset=\"https:\/\/hlfolia.com\/wp-content\/uploads\/2017\/02\/HL-gyartosor2.jpg 600w, https:\/\/hlfolia.com\/wp-content\/uploads\/2017\/02\/HL-gyartosor2-300x160.jpg 300w\" sizes=\"auto, (max-width: 600px) 100vw, 600px\" \/><\/p>\n<p>Um diese Fehler auszuschliesen , H&amp;L brachten die Industrie erfahrensten Ingenieure zusammen f\u00fcr einen einzigartigen Zweck: um die fortgeschrittensten Sonnenschutz Fensterfilme Scheibenfolien zu entwickeln, die Welt je gesehen hat.<\/p>\n<p>H&amp;L Auto glas Fenster Scheiben folien, wir wollten ein Produkt entwickeln, das einen ungew\u00f6hnlich stabilen Farbstoff pr\u00e4sentierte, einen substrate, der zu leichtem Installieren auf alle Arten von Wetter f\u00fchrte, und Fensterfilme, die keine Schale, Blase oder Ri\u00dfe machen.<\/p>\n<p>Wir glauben, da\u00df wir nur das gemacht haben was wir k\u00f6nnen.<\/p>\n<p>Weltklasse Sonnenschutzfolien und Sicherheitsfolien in Premium Qualitat.<\/p>\n<p>Unsere Erzeugungseinrichtung H&amp;L scheiben folien produktion bringt die neuste und fortgeschrittenste Maschine in der Welt. Und produziert jetzt zusehends \u00fcberlegene Fensterfilme.<\/p>\n<p>All unsere Fensterfilme , werden von einer beschr\u00e4nkten Lebensdauer unterst\u00fctzt, garantieren Sie gegen Verfarbung, Schale, das Springen, haftender Mi\u00dferfolg, Demalization und Delaminalation.<\/p>\n<p><img loading=\"lazy\" decoding=\"async\" class=\"alignnone size-full wp-image-152\" src=\"http:\/\/hlfolia.com\/wp-content\/uploads\/2017\/02\/HL-folia-gyartosor-700x306.jpg\" alt=\"ablakf\u00f3lia gy\u00e1rt\u00e1s\" width=\"700\" height=\"306\" srcset=\"https:\/\/hlfolia.com\/wp-content\/uploads\/2017\/02\/HL-folia-gyartosor-700x306.jpg 700w, https:\/\/hlfolia.com\/wp-content\/uploads\/2017\/02\/HL-folia-gyartosor-700x306-300x131.jpg 300w\" sizes=\"auto, (max-width: 700px) 100vw, 700px\" \/><\/p>\n<h2>Der lange Weg<\/h2>\n<p>H&amp;L wurde von Industrieveteranen gegr\u00fcndet, die auf Ende die St\u00e4rken und die Schw\u00e4chen des Fensterfilmmarktes Autoglas Sonnenschutzfolien gesehen hatten. Mit ihrem Wissen der Technologie und der Logistik des Unternehmens entschieden sie sich, eine neue Quelle des Fensters folien, die Scheiben t\u00f6nungen, zum Markt zu bringen, und so wurde H&amp;L Window Films gegr\u00fcndet.<\/p>\n<p>W\u00e4hrend die genaue Anzahl von \u0171ber 20 Jahren von Erfahrung, die unser Team hat, immer noch in Debatte ist, sch\u00e4tzt die Auswahl , die wirklich beeindruckend ist, Sonnenschutzfolien Hitzeschutzfolien Sicherheitsfolien in erstklassiger Premium Qualitat .<\/p>\n<p>Kraftfahrtechnischer, Wohn, und kommerzielle Folierer k\u00f6nnen sich auf die Qualit\u00e4t von H&amp;L Scheibenfolien verlassen, zur Verf\u00fcgung stehen, neuste Auswahl in Premium produkten, die wirklich beeindruckend sind, unsere \u00fcberlegenen Fensterfilme Sonnenschutz Hitzeschutz glasfolien f\u00fcr Fenster und Autosglas.<\/p><\/blockquote>\n<p><img loading=\"lazy\" decoding=\"async\" class=\"alignnone wp-image-157 size-full\" src=\"http:\/\/hlfolia.com\/wp-content\/uploads\/2017\/02\/hl-window-films-logo-600px.jpg\" alt=\"H&amp;L ablakf\u00f3li\u00e1k\" width=\"600\" height=\"251\" srcset=\"https:\/\/hlfolia.com\/wp-content\/uploads\/2017\/02\/hl-window-films-logo-600px.jpg 600w, https:\/\/hlfolia.com\/wp-content\/uploads\/2017\/02\/hl-window-films-logo-600px-300x126.jpg 300w\" sizes=\"auto, (max-width: 600px) 100vw, 600px\" \/><\/p>\n<p>&nbsp;<\/p>","protected":false},"excerpt":{"rendered":"<p>Weltneuheit Baby Sonnenschutzfolien Die neuste Technologie Jahrelang operierte die Scheiben folien Industrie auf dem gleichen weg. Der Markt wurde beherscht von vielen Herstellern die nicht gute produkte producierten und underschiedlichen marken nahmen in der welt verkauften um wachsende Forderung zu erf\u00fcllen. Es gab bekannte Probleme in der Fensterfolien Industrie: schlechter schrumpfeigenschaften, Verf\u00e4rbung, der springt die &hellip; <\/p>\n<p class=\"link-more\"><a href=\"https:\/\/hlfolia.com\/de\/rolunk\/\" class=\"more-link\"><span class=\"screen-reader-text\">\u201e\u00dcber uns\u201c <\/span>weiterlesen<\/a><\/p>\n","protected":false},"author":1,"featured_media":152,"parent":0,"menu_order":0,"comment_status":"closed","ping_status":"closed","template":"","meta":{"footnotes":""},"class_list":["post-73","page","type-page","status-publish","has-post-thumbnail","hentry"],"aioseo_notices":[],"_links":{"self":[{"href":"https:\/\/hlfolia.com\/de\/wp-json\/wp\/v2\/pages\/73","targetHints":{"allow":["GET"]}}],"collection":[{"href":"https:\/\/hlfolia.com\/de\/wp-json\/wp\/v2\/pages"}],"about":[{"href":"https:\/\/hlfolia.com\/de\/wp-json\/wp\/v2\/types\/page"}],"author":[{"embeddable":true,"href":"https:\/\/hlfolia.com\/de\/wp-json\/wp\/v2\/users\/1"}],"replies":[{"embeddable":true,"href":"https:\/\/hlfolia.com\/de\/wp-json\/wp\/v2\/comments?post=73"}],"version-history":[{"count":17,"href":"https:\/\/hlfolia.com\/de\/wp-json\/wp\/v2\/pages\/73\/revisions"}],"predecessor-version":[{"id":708,"href":"https:\/\/hlfolia.com\/de\/wp-json\/wp\/v2\/pages\/73\/revisions\/708"}],"wp:featuredmedia":[{"embeddable":true,"href":"https:\/\/hlfolia.com\/de\/wp-json\/wp\/v2\/media\/152"}],"wp:attachment":[{"href":"https:\/\/hlfolia.com\/de\/wp-json\/wp\/v2\/media?parent=73"}],"curies":[{"name":"wp","href":"https:\/\/api.w.org\/{rel}","templated":true}]}}