{"id":7,"date":"2019-07-02T18:24:35","date_gmt":"2019-07-02T17:24:35","guid":{"rendered":"http:\/\/hlfolia.com\/wordpress\/?page_id=7"},"modified":"2023-12-27T20:35:52","modified_gmt":"2023-12-27T19:35:52","slug":"kezdolap","status":"publish","type":"page","link":"https:\/\/hlfolia.com\/de\/","title":{"rendered":"H&#038;L Skin Protection PLUS  sonnenschutz folien Autofolien mit  UV+IR schutz"},"content":{"rendered":"<p><img loading=\"lazy\" decoding=\"async\" class=\"alignnone wp-image-620 size-full\" src=\"https:\/\/hlfolia.com\/wp-content\/uploads\/2019\/12\/HL-B\u0151rv\u00e9d\u0151-aut\u00f3\u00fcvegf\u00f3li\u00e1k1.jpg\" alt=\"\" width=\"1052\" height=\"560\" srcset=\"https:\/\/hlfolia.com\/wp-content\/uploads\/2019\/12\/HL-B\u0151rv\u00e9d\u0151-aut\u00f3\u00fcvegf\u00f3li\u00e1k1.jpg 1052w, https:\/\/hlfolia.com\/wp-content\/uploads\/2019\/12\/HL-B\u0151rv\u00e9d\u0151-aut\u00f3\u00fcvegf\u00f3li\u00e1k1-300x160.jpg 300w, https:\/\/hlfolia.com\/wp-content\/uploads\/2019\/12\/HL-B\u0151rv\u00e9d\u0151-aut\u00f3\u00fcvegf\u00f3li\u00e1k1-768x409.jpg 768w, https:\/\/hlfolia.com\/wp-content\/uploads\/2019\/12\/HL-B\u0151rv\u00e9d\u0151-aut\u00f3\u00fcvegf\u00f3li\u00e1k1-1024x545.jpg 1024w\" sizes=\"auto, (max-width: 767px) 89vw, (max-width: 1000px) 54vw, (max-width: 1071px) 543px, 580px\" \/><img loading=\"lazy\" decoding=\"async\" class=\"alignnone wp-image-462 \" src=\"http:\/\/hlfolia.com\/wp-content\/uploads\/2017\/02\/hlmolino-644px-de.png\" alt=\"\" width=\"638\" height=\"281\" srcset=\"https:\/\/hlfolia.com\/wp-content\/uploads\/2017\/02\/hlmolino-644px-de.png 644w, https:\/\/hlfolia.com\/wp-content\/uploads\/2017\/02\/hlmolino-644px-de-300x132.png 300w\" sizes=\"auto, (max-width: 638px) 100vw, 638px\" \/><\/p>\n<p><img loading=\"lazy\" decoding=\"async\" class=\"alignnone wp-image-619 size-full\" src=\"https:\/\/hlfolia.com\/wp-content\/uploads\/2019\/12\/HL-Skin-Protection-window-films-uvir.jpg\" alt=\"\" width=\"751\" height=\"427\" srcset=\"https:\/\/hlfolia.com\/wp-content\/uploads\/2019\/12\/HL-Skin-Protection-window-films-uvir.jpg 751w, https:\/\/hlfolia.com\/wp-content\/uploads\/2019\/12\/HL-Skin-Protection-window-films-uvir-300x171.jpg 300w\" sizes=\"auto, (max-width: 706px) 89vw, (max-width: 767px) 82vw, 740px\" \/><\/p>\n<p><strong>MADE IN USA.\u00a0 \u00a0<\/strong><em>Superior Optical Clarity.<\/em><\/p>\n<h1>H&amp;L HEALTH&amp;LIFE Scheiben glas folien der \u00a0Beste Sonnenschutz hitze schutz\u00a0 f\u00fcr ihr Auto Haus B\u0171ro und Arbeitzplatz<\/h1>\n<h2><span style=\"color: #ff00ff;\">Warum riskieren sie ihre gesundheit?<\/span> Wir haben die L\u0151sung f\u00fcr gesunderes leben!<\/h2>\n<p><img loading=\"lazy\" decoding=\"async\" class=\"alignnone wp-image-452 size-full\" src=\"http:\/\/hlfolia.com\/wp-content\/uploads\/2017\/02\/hl-hovedo-ablak-folia-2.jpg\" alt=\"\" width=\"800\" height=\"600\" srcset=\"https:\/\/hlfolia.com\/wp-content\/uploads\/2017\/02\/hl-hovedo-ablak-folia-2.jpg 800w, https:\/\/hlfolia.com\/wp-content\/uploads\/2017\/02\/hl-hovedo-ablak-folia-2-300x225.jpg 300w, https:\/\/hlfolia.com\/wp-content\/uploads\/2017\/02\/hl-hovedo-ablak-folia-2-768x576.jpg 768w\" sizes=\"auto, (max-width: 767px) 89vw, (max-width: 1000px) 54vw, (max-width: 1071px) 543px, 580px\" \/><\/p>\n<p>Ultraviolette Strahlen finden Sie \u00fcberall, wo auch immer Sie sich aufhalten. Ob sie vom Boden oder aus dem Wasser abstrahlen, sie werden ihren Weg zu Ihnen finden, auch wenn Sie sich in Ihrem Auto, zu Hause oder im B\u00fcro aufhalten. UV Strahlen finden einen Weg, Sie zu attackieren indem sie durch unbehandeltes Glas eindringen, egal ob im Sommer oder Winter.<\/p>\n<p>Gl\u00fccklicherweise hat H&amp;L \u00a0Scheiben glas folien daf\u00fcr eine L\u00f6sung. Unsere Folien f\u00fcr Ihr Kraftfahrzeug, Ihre Wohn- oder Gesch\u00e4ftsr\u00e4ume blockieren mehr als 99% der sch\u00e4dlichen UV Strahlen und bieten Schutz, wenn Sie an Ihren Fenstern installiert werden. Unsere Folien sch\u00fctzen Sie vor \u00fcberm\u00e4ssiger Sonneneinstrahlung, welche ernsthafte Gesundheitsrisiken verursachen kann, wie beispielsweise Alterung, Hautkrebs oder dauerhafte Sehst\u00f6rungen.<\/p>\n<p><img loading=\"lazy\" decoding=\"async\" class=\"alignnone wp-image-453 size-full\" src=\"http:\/\/hlfolia.com\/wp-content\/uploads\/2017\/02\/hl-kulteri-hovedo-ablakfoliazas-10.jpg\" alt=\"\" width=\"800\" height=\"600\" srcset=\"https:\/\/hlfolia.com\/wp-content\/uploads\/2017\/02\/hl-kulteri-hovedo-ablakfoliazas-10.jpg 800w, https:\/\/hlfolia.com\/wp-content\/uploads\/2017\/02\/hl-kulteri-hovedo-ablakfoliazas-10-300x225.jpg 300w, https:\/\/hlfolia.com\/wp-content\/uploads\/2017\/02\/hl-kulteri-hovedo-ablakfoliazas-10-768x576.jpg 768w\" sizes=\"auto, (max-width: 767px) 89vw, (max-width: 1000px) 54vw, (max-width: 1071px) 543px, 580px\" \/><\/p>\n<p>Laut Berichten werden 90% des Hautkrebsvorkommens durch \u00fcberm\u00e4\u00dfige Sonnenbestrahlung hervorgerufen. Recherchen zeigen, dass \u00a0Millionen Pendler in Europa mehr als eine Stunde t\u00e4glich zur Arbeit fahren wodurch diese Autofahrer h\u00e4ufiger an Hautkrebs erkranken, welcher sich vor allem auf der linken Seite zeigt.<\/p>\n<p><img loading=\"lazy\" decoding=\"async\" class=\"alignnone size-medium wp-image-586\" src=\"https:\/\/hlfolia.com\/wp-content\/uploads\/2019\/11\/UV-sug\u00e1r-vesz\u00e9lyeztett-grafikon-289x300.jpg\" alt=\"\" width=\"289\" height=\"300\" srcset=\"https:\/\/hlfolia.com\/wp-content\/uploads\/2019\/11\/UV-sug\u00e1r-vesz\u00e9lyeztett-grafikon-289x300.jpg 289w, https:\/\/hlfolia.com\/wp-content\/uploads\/2019\/11\/UV-sug\u00e1r-vesz\u00e9lyeztett-grafikon.jpg 384w\" sizes=\"auto, (max-width: 289px) 100vw, 289px\" \/><\/p>\n<p><img loading=\"lazy\" decoding=\"async\" class=\"alignnone size-full wp-image-455\" src=\"http:\/\/hlfolia.com\/wp-content\/uploads\/2017\/02\/hl-autofolia-5.jpg\" alt=\"\" width=\"800\" height=\"450\" srcset=\"https:\/\/hlfolia.com\/wp-content\/uploads\/2017\/02\/hl-autofolia-5.jpg 800w, https:\/\/hlfolia.com\/wp-content\/uploads\/2017\/02\/hl-autofolia-5-300x169.jpg 300w, https:\/\/hlfolia.com\/wp-content\/uploads\/2017\/02\/hl-autofolia-5-768x432.jpg 768w\" sizes=\"auto, (max-width: 767px) 89vw, (max-width: 1000px) 54vw, (max-width: 1071px) 543px, 580px\" \/><\/p>\n<p><img loading=\"lazy\" decoding=\"async\" class=\"alignnone size-full wp-image-454\" src=\"http:\/\/hlfolia.com\/wp-content\/uploads\/2017\/02\/hl-autofolia-4.jpg\" alt=\"\" width=\"800\" height=\"450\" srcset=\"https:\/\/hlfolia.com\/wp-content\/uploads\/2017\/02\/hl-autofolia-4.jpg 800w, https:\/\/hlfolia.com\/wp-content\/uploads\/2017\/02\/hl-autofolia-4-300x169.jpg 300w, https:\/\/hlfolia.com\/wp-content\/uploads\/2017\/02\/hl-autofolia-4-768x432.jpg 768w\" sizes=\"auto, (max-width: 767px) 89vw, (max-width: 1000px) 54vw, (max-width: 1071px) 543px, 580px\" \/><\/p>\n<p><img loading=\"lazy\" decoding=\"async\" class=\"alignnone size-full wp-image-457\" src=\"http:\/\/hlfolia.com\/wp-content\/uploads\/2017\/02\/hl-autofolia-7.jpg\" alt=\"\" width=\"800\" height=\"600\" srcset=\"https:\/\/hlfolia.com\/wp-content\/uploads\/2017\/02\/hl-autofolia-7.jpg 800w, https:\/\/hlfolia.com\/wp-content\/uploads\/2017\/02\/hl-autofolia-7-300x225.jpg 300w, https:\/\/hlfolia.com\/wp-content\/uploads\/2017\/02\/hl-autofolia-7-768x576.jpg 768w\" sizes=\"auto, (max-width: 767px) 89vw, (max-width: 1000px) 54vw, (max-width: 1071px) 543px, 580px\" \/><\/p>\n<p>In den heutigen Zeiten ist zunehmend mehr Sonnenschutz erforderlich. Ob zu hause oder im Gesch\u00e4ft, alles dreht sich um die Senkung der Energiekosten und des Energieverbrauchs. Professionell installierte Sonnenschutzfolien von H&amp;L Scheiben folien sorgen f\u00fcr Energieeinsparungen und vieles mehr. Vom k\u00fchleren, angenehmeren Innenklima bis zum minimierten Blendlicht und reduziertem Ausbleichen der Einrichtungen bieten H&amp;L\u00a0 Folien viele langfristige Vorteile und bleiben dabei vollkommen unsichtbar.<\/p>\n<p>Wenn Sie sich f\u00fcr eine unserer Folien f\u00fcr Wohn- und Gesch\u00e4ftsgeb\u00e4ude entscheiden, erhalten Sie den Vorteil\u00a0 Fertigungserfahrung und Verpflichtung zur Qualit\u00e4t. Betrachten Sie unten unsere gro\u00dfe Auswahl an Qualit\u00e4tsfolien und lassen Sie sich von einem H&amp;L\u00a0 Scheiben folien Installateur beraten, um die perfekte Autoglasfolie f\u00fcr Ihren Bedarf und Geschmack zu finden.<\/p>","protected":false},"excerpt":{"rendered":"<p>MADE IN USA.\u00a0 \u00a0Superior Optical Clarity. H&amp;L HEALTH&amp;LIFE Scheiben glas folien der \u00a0Beste Sonnenschutz hitze schutz\u00a0 f\u00fcr ihr Auto Haus B\u0171ro und Arbeitzplatz Warum riskieren sie ihre gesundheit? Wir haben die L\u0151sung f\u00fcr gesunderes leben! Ultraviolette Strahlen finden Sie \u00fcberall, wo auch immer Sie sich aufhalten. Ob sie vom Boden oder aus dem Wasser abstrahlen, &hellip; <\/p>\n<p class=\"link-more\"><a href=\"https:\/\/hlfolia.com\/de\/\" class=\"more-link\"><span class=\"screen-reader-text\">\u201eH&#038;L Skin Protection PLUS  sonnenschutz folien Autofolien mit  UV+IR schutz\u201c <\/span>weiterlesen<\/a><\/p>\n","protected":false},"author":1,"featured_media":0,"parent":0,"menu_order":0,"comment_status":"closed","ping_status":"closed","template":"","meta":{"footnotes":""},"class_list":["post-7","page","type-page","status-publish","hentry"],"aioseo_notices":[],"_links":{"self":[{"href":"https:\/\/hlfolia.com\/de\/wp-json\/wp\/v2\/pages\/7","targetHints":{"allow":["GET"]}}],"collection":[{"href":"https:\/\/hlfolia.com\/de\/wp-json\/wp\/v2\/pages"}],"about":[{"href":"https:\/\/hlfolia.com\/de\/wp-json\/wp\/v2\/types\/page"}],"author":[{"embeddable":true,"href":"https:\/\/hlfolia.com\/de\/wp-json\/wp\/v2\/users\/1"}],"replies":[{"embeddable":true,"href":"https:\/\/hlfolia.com\/de\/wp-json\/wp\/v2\/comments?post=7"}],"version-history":[{"count":134,"href":"https:\/\/hlfolia.com\/de\/wp-json\/wp\/v2\/pages\/7\/revisions"}],"predecessor-version":[{"id":785,"href":"https:\/\/hlfolia.com\/de\/wp-json\/wp\/v2\/pages\/7\/revisions\/785"}],"wp:attachment":[{"href":"https:\/\/hlfolia.com\/de\/wp-json\/wp\/v2\/media?parent=7"}],"curies":[{"name":"wp","href":"https:\/\/api.w.org\/{rel}","templated":true}]}}