{"id":266,"date":"2017-05-02T11:28:42","date_gmt":"2017-05-02T11:28:42","guid":{"rendered":"http:\/\/hlfolia.com\/?page_id=266"},"modified":"2020-02-06T07:07:17","modified_gmt":"2020-02-06T06:07:17","slug":"telepitok-2","status":"publish","type":"page","link":"https:\/\/hlfolia.com\/de\/telepitok-2\/","title":{"rendered":"Auto Scheiben T\u00f6nungen, Flachglas Folierungen professionele Montage Installations Fachbetriebe"},"content":{"rendered":"<p><\/p>\n<h1><strong><span style=\"color: #ff00ff;\"><img loading=\"lazy\" decoding=\"async\" class=\"alignnone size-full wp-image-462\" src=\"http:\/\/hlfolia.com\/wp-content\/uploads\/2017\/02\/hlmolino-644px-de.png\" alt=\"\" width=\"644\" height=\"284\" srcset=\"https:\/\/hlfolia.com\/wp-content\/uploads\/2017\/02\/hlmolino-644px-de.png 644w, https:\/\/hlfolia.com\/wp-content\/uploads\/2017\/02\/hlmolino-644px-de-300x132.png 300w\" sizes=\"auto, (max-width: 644px) 100vw, 644px\" \/><\/span><\/strong><\/h1>\n<h1><span style=\"color: #ff00ff;\"><strong>H<\/strong><\/span><strong><span style=\"color: #ff00ff;\">&amp;L Kft.<\/span><\/strong><\/h1>\n<p>Auto Scheiben T\u00f6nen , Sonnenschutzfolien Glas Folierung , Gebaude glas Hitzeschutz folierung in Werkstatt oder auch Mobile bei innen.\u00a0 \u00a0Asz\u00f3d , Hatvan\u00a0 , Budapest , Kistarcsa , Veresegyh\u00e1z , Gy\u00f6ngy\u0151s , Szentendre , Budakal\u00e1sz<\/p>\n<p>Telefon: 0620 925 6844<\/p>\n<h1><span style=\"color: #ff00ff;\"><strong>Krisztoferr 2003. Kkt.<\/strong><\/span><\/h1>\n<p>Auto Scheiben T\u00f6nen , Sonnenschutzfolien Glas Folierung , Gebaude glas Hitzeschutz folierung in Werkstatt oder auch Mobile bei innen.<br \/>\n<span id=\"result_box\" class=\"short_text\" lang=\"de\"><span class=\"\">Werkstatt<\/span><\/span>: Debrecen, Kassai \u00fat 27.<\/p>\n<h1><strong><span style=\"color: #ff00ff;\">Duo Dekor\u00e1ci\u00f3<\/span><\/strong><\/h1>\n<p>Auto Scheiben T\u00f6nen , Sonnenschutzfolien Glas Folierung , Gebaude glas Hitzeschutz folierung in Werkstatt oder auch Mobile bei innen.<br \/>\n<span id=\"result_box\" class=\"short_text\" lang=\"de\"><span class=\"\">Werkstatt<\/span><\/span>: Tapolca, Ipar utca<\/p>","protected":false},"excerpt":{"rendered":"<p>H&amp;L Kft. Auto Scheiben T\u00f6nen , Sonnenschutzfolien Glas Folierung , Gebaude glas Hitzeschutz folierung in Werkstatt oder auch Mobile bei innen.\u00a0 \u00a0Asz\u00f3d , Hatvan\u00a0 , Budapest , Kistarcsa , Veresegyh\u00e1z , Gy\u00f6ngy\u0151s , Szentendre , Budakal\u00e1sz Telefon: 0620 925 6844 Krisztoferr 2003. Kkt. Auto Scheiben T\u00f6nen , Sonnenschutzfolien Glas Folierung , Gebaude glas Hitzeschutz folierung &hellip; <\/p>\n<p class=\"link-more\"><a href=\"https:\/\/hlfolia.com\/de\/telepitok-2\/\" class=\"more-link\"><span class=\"screen-reader-text\">\u201eAuto Scheiben T\u00f6nungen, Flachglas Folierungen professionele Montage Installations Fachbetriebe\u201c <\/span>weiterlesen<\/a><\/p>\n","protected":false},"author":1,"featured_media":0,"parent":0,"menu_order":0,"comment_status":"closed","ping_status":"closed","template":"","meta":{"footnotes":""},"class_list":["post-266","page","type-page","status-publish","hentry"],"aioseo_notices":[],"_links":{"self":[{"href":"https:\/\/hlfolia.com\/de\/wp-json\/wp\/v2\/pages\/266","targetHints":{"allow":["GET"]}}],"collection":[{"href":"https:\/\/hlfolia.com\/de\/wp-json\/wp\/v2\/pages"}],"about":[{"href":"https:\/\/hlfolia.com\/de\/wp-json\/wp\/v2\/types\/page"}],"author":[{"embeddable":true,"href":"https:\/\/hlfolia.com\/de\/wp-json\/wp\/v2\/users\/1"}],"replies":[{"embeddable":true,"href":"https:\/\/hlfolia.com\/de\/wp-json\/wp\/v2\/comments?post=266"}],"version-history":[{"count":22,"href":"https:\/\/hlfolia.com\/de\/wp-json\/wp\/v2\/pages\/266\/revisions"}],"predecessor-version":[{"id":666,"href":"https:\/\/hlfolia.com\/de\/wp-json\/wp\/v2\/pages\/266\/revisions\/666"}],"wp:attachment":[{"href":"https:\/\/hlfolia.com\/de\/wp-json\/wp\/v2\/media?parent=266"}],"curies":[{"name":"wp","href":"https:\/\/api.w.org\/{rel}","templated":true}]}}